{"id":1465,"date":"2020-03-02T19:30:27","date_gmt":"2020-03-02T19:30:27","guid":{"rendered":"https:\/\/antincendioenavale.it\/about-us\/"},"modified":"2023-01-31T14:05:02","modified_gmt":"2023-01-31T14:05:02","slug":"chi-siamo","status":"publish","type":"page","link":"https:\/\/antincendioenavale.it\/it\/chi-siamo\/","title":{"rendered":"Chi Siamo"},"content":{"rendered":"<h2>Leader nel Settore Antincendio dal 1990<\/h2>\n<p>Antincendio &amp; Navale si \u00e8 affermata da oltre 32 anni come leader europeo nella manutenzione e sicurezza industriale. Il nostro obiettivo primario \u00e8 la globalizzazione e diventare una delle aziende pi\u00f9 qualificate nel settore antincendio. Siamo un&#8217;organizzazione giovane e vivace che supervisiona flotte navali in tutto il mondo e svolge compiti con la massima professionalit\u00e0. I certificati del sistema di gestione dimostrano il nostro pieno potenziale, e l\u2019adattabilit\u00e0 \u00e8 una delle caratteristiche che pi\u00f9 ci rappresenta.<\/p>\n<p>Negli anni abbiamo ricevuto un importante supporto dai pi\u00f9 importanti armatori e gruppi industriali italiani ed europei, permettendoci di espanderci su tutto il territorio italiano ed estero. Oggigiorno, facendo parte del <a href=\"https:\/\/groupcaim.com\/it\/\">Caim Group<\/a>, forniamo e serviamo i nostri clienti in tutto il modo, tramite gli hub del gruppo in Europa, America e Asia.<\/p>\n<p>Siamo certificati ISO 9001:2015 e riconosciuti dalle principali organizzazioni di classificazione del mondo, tra cui RINA (Registro Italiano Navale), ABS (American Bureau Shipping), BV (Bureau Veritas), GL (Germanischer Lloyd), DNV (Det Norske Veritas), Lloyd&#8217;s Register, nonch\u00e9 l&#8217;ufficio ISPESEL autorizzato.<\/p>\n<h2>Che Cosa Offriamo<\/h2>\n<p>L&#8217;attivit\u00e0 di Antincendio &amp; Navale \u00e8 suddivisa in due sezioni: manutenzione e vendita. Costruiamo forniture navali e sistemi antincendio, con conseguente gestione dell&#8217;innovazione tecnica, qualit\u00e0 del servizio, ecc.<\/p>\n","protected":false},"excerpt":{"rendered":"<p>Leader nel Settore Antincendio dal 1990 Antincendio &amp; Navale si \u00e8 affermata da oltre 32 anni come leader europeo nella manutenzione e sicurezza industriale. Il nostro obiettivo primario \u00e8 la globalizzazione e diventare una delle aziende pi\u00f9 qualificate nel settore antincendio. Siamo un&#8217;organizzazione giovane e vivace che supervisiona flotte navali in tutto il mondo e [&hellip;]<\/p>\n","protected":false},"author":1,"featured_media":0,"parent":0,"menu_order":3,"comment_status":"closed","ping_status":"closed","template":"templates\/template-cover.php","meta":[],"acf":[],"yoast_head":"<!-- This site is optimized with the Yoast SEO plugin v21.8.1 - https:\/\/yoast.com\/wordpress\/plugins\/seo\/ -->\n<title>Chi Siamo - Antincendio e Navale<\/title>\n<meta name=\"description\" content=\"Costruiamo forniture navali e sistemi antincendio, con conseguente gestione dell&#039;innovazione tecnica, qualit\u00e0 del servizio, e molto altro.\" \/>\n<meta name=\"robots\" content=\"index, follow, max-snippet:-1, max-image-preview:large, max-video-preview:-1\" \/>\n<link rel=\"canonical\" href=\"https:\/\/antincendioenavale.it\/it\/chi-siamo\/\" \/>\n<meta property=\"og:locale\" content=\"it_IT\" \/>\n<meta property=\"og:type\" content=\"article\" \/>\n<meta property=\"og:title\" content=\"Chi Siamo - Antincendio e Navale\" \/>\n<meta property=\"og:description\" content=\"Costruiamo forniture navali e sistemi antincendio, con conseguente gestione dell&#039;innovazione tecnica, qualit\u00e0 del servizio, e molto altro.\" \/>\n<meta property=\"og:url\" content=\"https:\/\/antincendioenavale.it\/it\/chi-siamo\/\" \/>\n<meta property=\"og:site_name\" content=\"Antincendio e Navale\" \/>\n<meta property=\"article:modified_time\" content=\"2023-01-31T14:05:02+00:00\" \/>\n<meta name=\"twitter:card\" content=\"summary_large_image\" \/>\n<meta name=\"twitter:label1\" content=\"Tempo di lettura stimato\" \/>\n\t<meta name=\"twitter:data1\" content=\"1 minuto\" \/>\n<script type=\"application\/ld+json\" class=\"yoast-schema-graph\">{\"@context\":\"https:\/\/schema.org\",\"@graph\":[{\"@type\":\"WebPage\",\"@id\":\"https:\/\/antincendioenavale.it\/it\/chi-siamo\/\",\"url\":\"https:\/\/antincendioenavale.it\/it\/chi-siamo\/\",\"name\":\"Chi Siamo - Antincendio e Navale\",\"isPartOf\":{\"@id\":\"https:\/\/antincendioenavale.it\/#website\"},\"datePublished\":\"2020-03-02T19:30:27+00:00\",\"dateModified\":\"2023-01-31T14:05:02+00:00\",\"description\":\"Costruiamo forniture navali e sistemi antincendio, con conseguente gestione dell'innovazione tecnica, qualit\u00e0 del servizio, e molto altro.\",\"breadcrumb\":{\"@id\":\"https:\/\/antincendioenavale.it\/it\/chi-siamo\/#breadcrumb\"},\"inLanguage\":\"it-IT\",\"potentialAction\":[{\"@type\":\"ReadAction\",\"target\":[\"https:\/\/antincendioenavale.it\/it\/chi-siamo\/\"]}]},{\"@type\":\"BreadcrumbList\",\"@id\":\"https:\/\/antincendioenavale.it\/it\/chi-siamo\/#breadcrumb\",\"itemListElement\":[{\"@type\":\"ListItem\",\"position\":1,\"name\":\"Home\",\"item\":\"https:\/\/antincendioenavale.it\/it\/\"},{\"@type\":\"ListItem\",\"position\":2,\"name\":\"Chi Siamo\"}]},{\"@type\":\"WebSite\",\"@id\":\"https:\/\/antincendioenavale.it\/#website\",\"url\":\"https:\/\/antincendioenavale.it\/\",\"name\":\"Antincendio e Navale\",\"description\":\"\",\"publisher\":{\"@id\":\"https:\/\/antincendioenavale.it\/#organization\"},\"potentialAction\":[{\"@type\":\"SearchAction\",\"target\":{\"@type\":\"EntryPoint\",\"urlTemplate\":\"https:\/\/antincendioenavale.it\/?s={search_term_string}\"},\"query-input\":\"required name=search_term_string\"}],\"inLanguage\":\"it-IT\"},{\"@type\":\"Organization\",\"@id\":\"https:\/\/antincendioenavale.it\/#organization\",\"name\":\"Generalmarine srl\",\"url\":\"https:\/\/antincendioenavale.it\/\",\"logo\":{\"@type\":\"ImageObject\",\"inLanguage\":\"it-IT\",\"@id\":\"https:\/\/antincendioenavale.it\/#\/schema\/logo\/image\/\",\"url\":\"https:\/\/antincendioenavale.it\/wp-content\/uploads\/2020\/09\/log-gm.png\",\"contentUrl\":\"https:\/\/antincendioenavale.it\/wp-content\/uploads\/2020\/09\/log-gm.png\",\"width\":435,\"height\":80,\"caption\":\"Generalmarine srl\"},\"image\":{\"@id\":\"https:\/\/antincendioenavale.it\/#\/schema\/logo\/image\/\"},\"sameAs\":[\"https:\/\/www.linkedin.com\/company\/generalmarine\/\"]}]}<\/script>\n<!-- \/ Yoast SEO plugin. -->","yoast_head_json":{"title":"Chi Siamo - Antincendio e Navale","description":"Costruiamo forniture navali e sistemi antincendio, con conseguente gestione dell'innovazione tecnica, qualit\u00e0 del servizio, e molto altro.","robots":{"index":"index","follow":"follow","max-snippet":"max-snippet:-1","max-image-preview":"max-image-preview:large","max-video-preview":"max-video-preview:-1"},"canonical":"https:\/\/antincendioenavale.it\/it\/chi-siamo\/","og_locale":"it_IT","og_type":"article","og_title":"Chi Siamo - Antincendio e Navale","og_description":"Costruiamo forniture navali e sistemi antincendio, con conseguente gestione dell'innovazione tecnica, qualit\u00e0 del servizio, e molto altro.","og_url":"https:\/\/antincendioenavale.it\/it\/chi-siamo\/","og_site_name":"Antincendio e Navale","article_modified_time":"2023-01-31T14:05:02+00:00","twitter_card":"summary_large_image","twitter_misc":{"Tempo di lettura stimato":"1 minuto"},"schema":{"@context":"https:\/\/schema.org","@graph":[{"@type":"WebPage","@id":"https:\/\/antincendioenavale.it\/it\/chi-siamo\/","url":"https:\/\/antincendioenavale.it\/it\/chi-siamo\/","name":"Chi Siamo - Antincendio e Navale","isPartOf":{"@id":"https:\/\/antincendioenavale.it\/#website"},"datePublished":"2020-03-02T19:30:27+00:00","dateModified":"2023-01-31T14:05:02+00:00","description":"Costruiamo forniture navali e sistemi antincendio, con conseguente gestione dell'innovazione tecnica, qualit\u00e0 del servizio, e molto altro.","breadcrumb":{"@id":"https:\/\/antincendioenavale.it\/it\/chi-siamo\/#breadcrumb"},"inLanguage":"it-IT","potentialAction":[{"@type":"ReadAction","target":["https:\/\/antincendioenavale.it\/it\/chi-siamo\/"]}]},{"@type":"BreadcrumbList","@id":"https:\/\/antincendioenavale.it\/it\/chi-siamo\/#breadcrumb","itemListElement":[{"@type":"ListItem","position":1,"name":"Home","item":"https:\/\/antincendioenavale.it\/it\/"},{"@type":"ListItem","position":2,"name":"Chi Siamo"}]},{"@type":"WebSite","@id":"https:\/\/antincendioenavale.it\/#website","url":"https:\/\/antincendioenavale.it\/","name":"Antincendio e Navale","description":"","publisher":{"@id":"https:\/\/antincendioenavale.it\/#organization"},"potentialAction":[{"@type":"SearchAction","target":{"@type":"EntryPoint","urlTemplate":"https:\/\/antincendioenavale.it\/?s={search_term_string}"},"query-input":"required name=search_term_string"}],"inLanguage":"it-IT"},{"@type":"Organization","@id":"https:\/\/antincendioenavale.it\/#organization","name":"Generalmarine srl","url":"https:\/\/antincendioenavale.it\/","logo":{"@type":"ImageObject","inLanguage":"it-IT","@id":"https:\/\/antincendioenavale.it\/#\/schema\/logo\/image\/","url":"https:\/\/antincendioenavale.it\/wp-content\/uploads\/2020\/09\/log-gm.png","contentUrl":"https:\/\/antincendioenavale.it\/wp-content\/uploads\/2020\/09\/log-gm.png","width":435,"height":80,"caption":"Generalmarine srl"},"image":{"@id":"https:\/\/antincendioenavale.it\/#\/schema\/logo\/image\/"},"sameAs":["https:\/\/www.linkedin.com\/company\/generalmarine\/"]}]}},"_links":{"self":[{"href":"https:\/\/antincendioenavale.it\/it\/wp-json\/wp\/v2\/pages\/1465"}],"collection":[{"href":"https:\/\/antincendioenavale.it\/it\/wp-json\/wp\/v2\/pages"}],"about":[{"href":"https:\/\/antincendioenavale.it\/it\/wp-json\/wp\/v2\/types\/page"}],"author":[{"embeddable":true,"href":"https:\/\/antincendioenavale.it\/it\/wp-json\/wp\/v2\/users\/1"}],"replies":[{"embeddable":true,"href":"https:\/\/antincendioenavale.it\/it\/wp-json\/wp\/v2\/comments?post=1465"}],"version-history":[{"count":16,"href":"https:\/\/antincendioenavale.it\/it\/wp-json\/wp\/v2\/pages\/1465\/revisions"}],"predecessor-version":[{"id":2010,"href":"https:\/\/antincendioenavale.it\/it\/wp-json\/wp\/v2\/pages\/1465\/revisions\/2010"}],"wp:attachment":[{"href":"https:\/\/antincendioenavale.it\/it\/wp-json\/wp\/v2\/media?parent=1465"}],"curies":[{"name":"wp","href":"https:\/\/api.w.org\/{rel}","templated":true}]}}